{"id":10146,"date":"2022-10-13T21:24:55","date_gmt":"2022-10-13T19:24:55","guid":{"rendered":"https:\/\/tosmomi.rs\/znameniti-mitrovcani\/"},"modified":"2024-05-30T17:53:25","modified_gmt":"2024-05-30T15:53:25","slug":"znameniti-mitrovcani","status":"publish","type":"page","link":"https:\/\/tosmomi.rs\/en\/znameniti-mitrovcani\/","title":{"rendered":"Znameniti Mitrov\u010dani"},"content":{"rendered":"<div class=\"wpb-content-wrapper\"><p>[vc_section full_width=&#8221;stretch_row&#8221; woodmart_bg_position=&#8221;center-top&#8221; woodmart_disable_overflow=&#8221;0&#8243; css=&#8221;.vc_custom_1677663020280{background-image: url(https:\/\/tosmomi.rs\/wp-content\/uploads\/2023\/03\/ZnamenitiMitrovcani-scaled.jpg?id=9631) !important;background-position: center !important;background-repeat: no-repeat !important;background-size: cover !important;}&#8221; mobile_bg_img_hidden=&#8221;no&#8221; tablet_bg_img_hidden=&#8221;no&#8221; woodmart_parallax=&#8221;1&#8243; woodmart_gradient_switch=&#8221;yes&#8221; woodmart_css_id=&#8221;63ff1b267d8f3&#8243; responsive_spacing=&#8221;eyJwYXJhbV90eXBlIjoid29vZG1hcnRfcmVzcG9uc2l2ZV9zcGFjaW5nIiwic2VsZWN0b3JfaWQiOiI2M2ZmMWIyNjdkOGYzIiwic2hvcnRjb2RlIjoidmNfc2VjdGlvbiIsImRhdGEiOnsidGFibGV0Ijp7fSwibW9iaWxlIjp7fX19&#8243; woodmart_box_shadow=&#8221;no&#8221; wd_z_index=&#8221;no&#8221; woodmart_color_gradient=&#8221;rgba(60, 27, 59, 0.384)-0\/rgba(34, 31, 36, 0.41)-15\/rgba(22, 23, 25, 0.54)-50\/rgba(29, 28, 44, 0.733)-100\/|linear-gradient(top , rgba(60, 27, 59, 0.384) , rgba(34, 31, 36, 0.41) 15% , rgba(22, 23, 25, 0.54) 50% , rgba(29, 28, 44, 0.733) 100%)|linear|top&#8221;][vc_row woodmart_css_id=&#8221;63ff1b0c9f679&#8243; responsive_spacing=&#8221;eyJwYXJhbV90eXBlIjoid29vZG1hcnRfcmVzcG9uc2l2ZV9zcGFjaW5nIiwic2VsZWN0b3JfaWQiOiI2M2ZmMWIwYzlmNjc5Iiwic2hvcnRjb2RlIjoidmNfcm93IiwiZGF0YSI6eyJ0YWJsZXQiOnt9LCJtb2JpbGUiOnt9fX0=&#8221; mobile_bg_img_hidden=&#8221;no&#8221; tablet_bg_img_hidden=&#8221;no&#8221; woodmart_parallax=&#8221;0&#8243; woodmart_gradient_switch=&#8221;no&#8221; woodmart_box_shadow=&#8221;no&#8221; wd_z_index=&#8221;no&#8221; woodmart_disable_overflow=&#8221;0&#8243; row_reverse_mobile=&#8221;0&#8243; row_reverse_tablet=&#8221;0&#8243; css=&#8221;.vc_custom_1677663000120{padding-top: 30vh !important;padding-bottom: 30vh !important;}&#8221;][vc_column width=&#8221;1\/6&#8243;][\/vc_column][vc_column width=&#8221;2\/3&#8243; css=&#8221;.vc_custom_1672931481232{padding-right: 40px !important;padding-left: 40px !important;}&#8221; woodmart_css_id=&#8221;63b6e8924a463&#8243; parallax_scroll=&#8221;no&#8221; woodmart_sticky_column=&#8221;false&#8221; wd_collapsible_content_switcher=&#8221;no&#8221; mobile_bg_img_hidden=&#8221;no&#8221; tablet_bg_img_hidden=&#8221;no&#8221; woodmart_parallax=&#8221;0&#8243; woodmart_box_shadow=&#8221;no&#8221; mobile_reset_margin=&#8221;no&#8221; tablet_reset_margin=&#8221;no&#8221; wd_z_index=&#8221;no&#8221; responsive_spacing=&#8221;eyJwYXJhbV90eXBlIjoid29vZG1hcnRfcmVzcG9uc2l2ZV9zcGFjaW5nIiwic2VsZWN0b3JfaWQiOiI2M2I2ZTg5MjRhNDYzIiwic2hvcnRjb2RlIjoidmNfY29sdW1uIiwiZGF0YSI6eyJ0YWJsZXQiOnt9LCJtb2JpbGUiOnt9fX0=&#8221;]\t\t\n\t\t<div id=\"wd-66589fabf1442\" class=\"title-wrapper wd-wpb set-mb-s reset-last-child  wd-rs-66589fabf1442 wd-title-color-default wd-underline-colored wd-title-style-default wd-width-100 text-left \">\n\t\t\t\t\t\t\t<div class=\"title-subtitle  subtitle-color-default font-default subtitle-style-default wd-font-weight- wd-fontsize-xs\">Znameniti Mitrov\u010dani<\/div>\n\t\t\t\n\t\t\t<div class=\"liner-continer\">\n\t\t\t\t<h1 class=\"woodmart-title-container title  wd-font-weight- wd-fontsize-l\" >People who have written the history of Sremska Mitrovica through their lives and deeds<\/h1>\n\t\t\t\t\t\t\t<\/div>\n\t\t\t\n\t\t\t\n\t\t\t\n\t\t<\/div>\n\t\t\n\t\t\t\t<div id=\"wd-66589fa5743e0\" class=\"wd-text-block wd-wpb reset-last-child wd-rs-66589fa5743e0 wd-width-100 text-left color-scheme-light wd-fontsize-custom \">\n\t\t\t<p>If you want to know more about Sremska Mitrovica you can find someone who can tell you stories about the people who the city streets were named after. A mixture of history, conquers, rulers, art, architecture, poems, music and science can always be found in these stories. Those who made history and changed this city are remembered as the prominent citizens of Mitrovica.<\/p>\n\t\t<\/div>\n\t\t[\/vc_column][vc_column width=&#8221;1\/6&#8243;][\/vc_column][\/vc_row][vc_row full_width=&#8221;stretch_row_content_no_spaces&#8221;][vc_column]\t\t\t<div id=\"wd-69d04ce2ef9dc\" class=\"wd-row-divider wd-69d04ce2ef9dc dvr-position-bottom dvr-style-diagonal-left woodmart-row-divider\">\n\t\t\t\t<svg xmlns=\"http:\/\/www.w3.org\/2000\/svg\" version=\"1.1\" xmlns=\"http:\/\/www.w3.org\/1999\/xlink\" width=\"100%\" height=\"50px\" viewBox=\"0 0 100 100\" preserveAspectRatio=\"none\">\n  <polygon points=\"100,100 0,0 0,100 \"\/>\n<\/svg>\t\t\t\t\t\t\t<\/div>\n\t\t[\/vc_column][\/vc_row][\/vc_section][vc_row woodmart_css_id=&#8221;625892ffa3d25&#8243; responsive_spacing=&#8221;eyJwYXJhbV90eXBlIjoid29vZG1hcnRfcmVzcG9uc2l2ZV9zcGFjaW5nIiwic2VsZWN0b3JfaWQiOiI2MjU4OTJmZmEzZDI1Iiwic2hvcnRjb2RlIjoidmNfcm93IiwiZGF0YSI6eyJ0YWJsZXQiOnt9LCJtb2JpbGUiOnt9fX0=&#8221; mobile_bg_img_hidden=&#8221;no&#8221; tablet_bg_img_hidden=&#8221;no&#8221; woodmart_parallax=&#8221;0&#8243; woodmart_gradient_switch=&#8221;no&#8221; woodmart_box_shadow=&#8221;no&#8221; wd_z_index=&#8221;no&#8221; woodmart_disable_overflow=&#8221;0&#8243; row_reverse_mobile=&#8221;0&#8243; row_reverse_tablet=&#8221;0&#8243; css=&#8221;.vc_custom_1649971975590{margin-top: 70px !important;}&#8221;][vc_column width=&#8221;1\/6&#8243;][\/vc_column][vc_column width=&#8221;2\/3&#8243; css=&#8221;.vc_custom_1665688903982{padding-right: 40px !important;padding-left: 40px !important;}&#8221; woodmart_css_id=&#8221;63486541a93b8&#8243; parallax_scroll=&#8221;no&#8221; woodmart_sticky_column=&#8221;false&#8221; wd_collapsible_content_switcher=&#8221;no&#8221; mobile_bg_img_hidden=&#8221;no&#8221; tablet_bg_img_hidden=&#8221;no&#8221; woodmart_parallax=&#8221;0&#8243; woodmart_box_shadow=&#8221;no&#8221; mobile_reset_margin=&#8221;no&#8221; tablet_reset_margin=&#8221;no&#8221; wd_z_index=&#8221;no&#8221; responsive_spacing=&#8221;eyJwYXJhbV90eXBlIjoid29vZG1hcnRfcmVzcG9uc2l2ZV9zcGFjaW5nIiwic2VsZWN0b3JfaWQiOiI2MzQ4NjU0MWE5M2I4Iiwic2hvcnRjb2RlIjoidmNfY29sdW1uIiwiZGF0YSI6eyJ0YWJsZXQiOnt9LCJtb2JpbGUiOnt9fX0=&#8221;]\t\t\n\t\t<div id=\"wd-66589fc52d1d9\" class=\"title-wrapper wd-wpb set-mb-s reset-last-child  wd-rs-66589fc52d1d9 wd-title-color-default wd-underline-colored wd-title-style-underlined wd-width-100 text-left \">\n\t\t\t\n\t\t\t<div class=\"liner-continer\">\n\t\t\t\t<h1 class=\"woodmart-title-container title  wd-font-weight- wd-fontsize-l\" >Born in Sremska Mitrovica<\/h1>\n\t\t\t\t\t\t\t<\/div>\n\t\t\t\n\t\t\t\n\t\t\t\n\t\t<\/div>\n\t\t\n\t\t[vc_row_inner][vc_column_inner width=&#8221;1\/2&#8243;][vc_column_text woodmart_inline=&#8221;no&#8221; text_larger=&#8221;no&#8221;]<\/p>\n<ul>\n<li>Probus, a Roman emperor<\/li>\n<li>Constantius II, a Roman emperor<\/li>\n<li>Herennius Etruscus, a Roman emperor<\/li>\n<li>Hostilian, a Roman emperor<\/li>\n<li>Claudius II Gothicus, a Roman emperor<\/li>\n<li>Quintillus, a Roman emperor<\/li>\n<li>Gratian, a Roman emperor<\/li>\n<li>Aurelian, a Roman emperor<\/li>\n<li>Maximiliana Roman emperor<\/li>\n<li>Dscius Trajan, a Roman emperor<\/li>\n<li>Ilarion Ruvarac, a historian and a priest<\/li>\n<li>Milan Jovanovi\u0107 Batut, a doctor<\/li>\n<li>Jovan Stanojevi\u0107 ot Eremberg, a colonel in the Austiran general staff<\/li>\n<li>Lazar Vozarevi\u0107, a painter<\/li>\n<li>Branislav Ivanovi\u0107, an athlete<\/li>\n<li>Franjo Giler, an athlete<\/li>\n<li>Petar Zec, a director<\/li>\n<li>Ivica Kova\u010di\u0107 \u0160tifla, a painter<\/li>\n<\/ul>\n<p>[\/vc_column_text][\/vc_column_inner][vc_column_inner width=&#8221;1\/2&#8243;][vc_column_text woodmart_inline=&#8221;no&#8221; text_larger=&#8221;no&#8221;]<\/p>\n<ul>\n<li>Petar Milo\u0161evi\u0107, an archeologist<\/li>\n<li>Stjepan Musulin, a philologist and a lexicographer<\/li>\n<li>Branislav Vidi\u0107, an academic<\/li>\n<li>Branislav V. Stankovi\u0107, an author and a photographer<\/li>\n<li>Nikola Xristi\u0107, a politician<\/li>\n<li>Milijana Nikoli\u0107, an opera singer<\/li>\n<li>Gordana Luki\u0107, an actress<\/li>\n<li>Danijela Vranje\u0161, an actress<\/li>\n<li>Neboj\u0161a Jovan \u017divkovi\u0107, a musician<\/li>\n<li>Ognjen Filipovi\u0107, an athlete<\/li>\n<li>Milivoj Nikolajevi\u0107, a painter<\/li>\n<li>Dragana Toma\u0161evi\u0107, an athlete<\/li>\n<li>Petar Gbur\u010dik, a scientist<\/li>\n<li>Sonja Brki\u0107, a Supreme court judge<\/li>\n<li>\u0110or\u0111e Markovi\u0107 Koder, an author<\/li>\n<li>Tatjana Ven\u010delovski, an actress<\/li>\n<li>Boris Pingovi\u0107, an actor<\/li>\n<li>Slobodan Despot, an author and a publicist<\/li>\n<\/ul>\n<p>[\/vc_column_text][\/vc_column_inner][\/vc_row_inner]\t\t\n\t\t<div id=\"wd-6658a07bca648\" class=\"title-wrapper wd-wpb set-mb-s reset-last-child  wd-rs-6658a07bca648 wd-title-color-default wd-underline-colored wd-title-style-underlined wd-width-100 text-left \">\n\t\t\t\n\t\t\t<div class=\"liner-continer\">\n\t\t\t\t<h1 class=\"woodmart-title-container title  wd-font-weight- wd-fontsize-l\" >The residents of Sremska Mitrovica<\/h1>\n\t\t\t\t\t\t\t<\/div>\n\t\t\t\n\t\t\t\n\t\t\t\n\t\t<\/div>\n\t\t\n\t\t[vc_row_inner][vc_column_inner width=&#8221;1\/2&#8243;][vc_column_text woodmart_inline=&#8221;no&#8221; text_larger=&#8221;no&#8221;]<\/p>\n<ul>\n<li>Marcus Aurelius, a Roman emperor<\/li>\n<li>Constantine the Great, a Roman emperor<\/li>\n<li>Trajan, a Roman emperor<\/li>\n<li>Diocletian, a Roman emperor<\/li>\n<li>Galerius, a Roman emperor<\/li>\n<li>Theodosius I, a Roman emperor<\/li>\n<li>Septimus Severus, a Roman emperor<\/li>\n<li>Licinius, a Roman emperor<\/li>\n<li>Ambrose of Milan, venerated a saint, Archbishop of Milan<\/li>\n<li>Metodius, a Slavic educator<\/li>\n<li>Milo\u0161 N. \u0110uri\u0107, an academic<\/li>\n<li>Nikola Radoj\u010di\u0107, an academic<\/li>\n<li>Vaso \u010cubrilovi\u0107, an academic<\/li>\n<li>Vojislav J. \u0110uri\u0107, an academic<\/li>\n<li>Slavko Vorkapi\u0107, a direcot and a cinematographer<\/li>\n<li>Mileva Mari\u0107-Ajn\u0161tajn, a scientist<\/li>\n<li>Bo\u0161ko Palkovljevi\u0107 Pinki, a national hero<\/li>\n<\/ul>\n<p>[\/vc_column_text][\/vc_column_inner][vc_column_inner width=&#8221;1\/2&#8243;][vc_column_text woodmart_inline=&#8221;no&#8221; text_larger=&#8221;no&#8221;]<\/p>\n<ul>\n<li>Veljko Petrovi\u0107, an author<\/li>\n<li>Vladislav Popovi\u0107, an academic<\/li>\n<li>Rudolf Filipovi\u0107, an academic<\/li>\n<li>Mira Banjac, an actress<\/li>\n<li>\u017deljko Hegedu\u0161i\u0107, a painter<\/li>\n<li>Grigorije Miki\u0107, a theologist<\/li>\n<li>Ignjat Jung, an archeologist*<\/li>\n<li>Petar Kralj, an actor<\/li>\n<li>Mirko Tepavac, a politician<\/li>\n<li>Sini\u0161a Kova\u010devi\u0107, a director and an author<\/li>\n<li>Dragan Martinovi\u0107, a painter<\/li>\n<li>Svetlana Seka Aleksi\u0107, a singer<\/li>\n<li>Zlatko Tom\u010di\u0107, a politician<\/li>\n<li>Marko Peri\u010din Kamenjar, a national hero<\/li>\n<li>Dejan Milovanovi\u0107, an athlete<\/li>\n<li>Petar Kran\u010devi\u0107, a musician<\/li>\n<\/ul>\n<p>[\/vc_column_text][\/vc_column_inner][\/vc_row_inner][vc_empty_space height=&#8221;42px&#8221; woodmart_hide_large=&#8221;0&#8243; woodmart_hide_medium=&#8221;0&#8243; woodmart_hide_small=&#8221;0&#8243; woodmart_hide_extra_small=&#8221;0&#8243;][\/vc_column][vc_column width=&#8221;1\/6&#8243;][\/vc_column][\/vc_row]<\/p>\n<\/div>","protected":false},"excerpt":{"rendered":"<p>[vc_section full_width=&#8221;stretch_row&#8221; woodmart_bg_position=&#8221;center-top&#8221; woodmart_disable_overflow=&#8221;0&#8243; css=&#8221;.vc_custom_1677663020280{background-image: url(https:\/\/tosmomi.rs\/wp-content\/uploads\/2023\/03\/ZnamenitiMitrovcani-scaled.jpg?id=9631) !important;background-position: center !important;background-repeat: no-repeat !important;background-size: cover !important;}&#8221; mobile_bg_img_hidden=&#8221;no&#8221; tablet_bg_img_hidden=&#8221;no&#8221; woodmart_parallax=&#8221;1&#8243; woodmart_gradient_switch=&#8221;yes&#8221; woodmart_css_id=&#8221;63ff1b267d8f3&#8243; responsive_spacing=&#8221;eyJwYXJhbV90eXBlIjoid29vZG1hcnRfcmVzcG9uc2l2ZV9zcGFjaW5nIiwic2VsZWN0b3JfaWQiOiI2M2ZmMWIyNjdkOGYzIiwic2hvcnRjb2RlIjoidmNfc2VjdGlvbiIsImRhdGEiOnsidGFibGV0Ijp7fSwibW9iaWxlIjp7fX19&#8243; woodmart_box_shadow=&#8221;no&#8221;<\/p>\n","protected":false},"author":1,"featured_media":0,"parent":0,"menu_order":0,"comment_status":"closed","ping_status":"closed","template":"","meta":{"footnotes":""},"class_list":["post-10146","page","type-page","status-publish","hentry"],"_links":{"self":[{"href":"https:\/\/tosmomi.rs\/en\/wp-json\/wp\/v2\/pages\/10146","targetHints":{"allow":["GET"]}}],"collection":[{"href":"https:\/\/tosmomi.rs\/en\/wp-json\/wp\/v2\/pages"}],"about":[{"href":"https:\/\/tosmomi.rs\/en\/wp-json\/wp\/v2\/types\/page"}],"author":[{"embeddable":true,"href":"https:\/\/tosmomi.rs\/en\/wp-json\/wp\/v2\/users\/1"}],"replies":[{"embeddable":true,"href":"https:\/\/tosmomi.rs\/en\/wp-json\/wp\/v2\/comments?post=10146"}],"version-history":[{"count":2,"href":"https:\/\/tosmomi.rs\/en\/wp-json\/wp\/v2\/pages\/10146\/revisions"}],"predecessor-version":[{"id":10149,"href":"https:\/\/tosmomi.rs\/en\/wp-json\/wp\/v2\/pages\/10146\/revisions\/10149"}],"wp:attachment":[{"href":"https:\/\/tosmomi.rs\/en\/wp-json\/wp\/v2\/media?parent=10146"}],"curies":[{"name":"wp","href":"https:\/\/api.w.org\/{rel}","templated":true}]}}